{"id":1061,"date":"2015-05-08T13:22:48","date_gmt":"2015-05-08T15:22:48","guid":{"rendered":"http:\/\/scanbaltsa.com\/layher\/home\/?lang=en"},"modified":"2018-11-12T07:52:26","modified_gmt":"2018-11-12T09:52:26","slug":"home","status":"publish","type":"page","link":"https:\/\/layher.ee\/en\/","title":{"rendered":"Allround scaffolding. SpeedyScaf frame scaffolding"},"content":{"rendered":"<div class=\"wpb-content-wrapper\"><p>[vc_row type=&#8221;full-width&#8221;][vc_column][rev_slider_vc alias=&#8221;alroundee&#8221;][\/vc_column][\/vc_row][vc_row top_margin=&#8221;page-margin-top-section&#8221;][vc_column]<h2 class=\"box-header\">PRODUCTS<\/h2>[\/vc_column][\/vc_row][vc_row type=&#8221;full-width&#8221;][vc_column]<ul class=\"projects-list clearfix page-margin-top\"><li>\r\n\t\t\t<a href=\"https:\/\/layher.ee\/en\/tellingud\/allround-scaffolding\/\" title=\"Allround scaffolding\">\r\n\t\t\t\t<img loading=\"lazy\" decoding=\"async\" width=\"480\" height=\"320\" src=\"https:\/\/layher.ee\/wp-content\/uploads\/2015\/05\/allrounden.png\" class=\"attachment-big-thumb size-big-thumb wp-post-image\" alt=\"Allround scaffolding\" title=\"\" srcset=\"https:\/\/layher.ee\/wp-content\/uploads\/2015\/05\/allrounden.png 480w, https:\/\/layher.ee\/wp-content\/uploads\/2015\/05\/allrounden-300x200.png 300w, https:\/\/layher.ee\/wp-content\/uploads\/2015\/05\/allrounden-390x260.png 390w, https:\/\/layher.ee\/wp-content\/uploads\/2015\/05\/allrounden-270x180.png 270w\" sizes=\"auto, (max-width: 480px) 100vw, 480px\">\r\n\t\t\t<\/a><div class=\"view align-center\">\r\n\t\t\t\t\t<div class=\"vertical-align-table\">\r\n\t\t\t\t\t\t<div class=\"vertical-align-cell\"><p class=\"description\">Allround scaffolding<\/p><a class=\"more simple\" href=\"https:\/\/layher.ee\/en\/tellingud\/allround-scaffolding\/\" title=\"READ MORE\">READ MORE<\/a><\/div>\r\n\t\t\t\t\t<\/div>\r\n\t\t\t\t<\/div><li>\r\n\t\t\t<a href=\"https:\/\/layher.ee\/en\/tellingud\/speedyscaf-frame-scaffolding\/\" title=\"SpeedyScaf frame scaffolding\">\r\n\t\t\t\t<img loading=\"lazy\" decoding=\"async\" width=\"480\" height=\"320\" src=\"https:\/\/layher.ee\/wp-content\/uploads\/2015\/05\/speedyen.png\" class=\"attachment-big-thumb size-big-thumb wp-post-image\" alt=\"SpeedyScaf frame scaffolding\" title=\"\" srcset=\"https:\/\/layher.ee\/wp-content\/uploads\/2015\/05\/speedyen.png 480w, https:\/\/layher.ee\/wp-content\/uploads\/2015\/05\/speedyen-300x200.png 300w, https:\/\/layher.ee\/wp-content\/uploads\/2015\/05\/speedyen-390x260.png 390w, https:\/\/layher.ee\/wp-content\/uploads\/2015\/05\/speedyen-270x180.png 270w\" sizes=\"auto, (max-width: 480px) 100vw, 480px\">\r\n\t\t\t<\/a><div class=\"view align-center\">\r\n\t\t\t\t\t<div class=\"vertical-align-table\">\r\n\t\t\t\t\t\t<div class=\"vertical-align-cell\"><p class=\"description\">SpeedyScaf frame scaffolding<\/p><a class=\"more simple\" href=\"https:\/\/layher.ee\/en\/tellingud\/speedyscaf-frame-scaffolding\/\" title=\"READ MORE\">READ MORE<\/a><\/div>\r\n\t\t\t\t\t<\/div>\r\n\t\t\t\t<\/div><li>\r\n\t\t\t<a href=\"https:\/\/layher.ee\/en\/tellingud\/stages-and-grandstands\/\" title=\"Stages and grandstands\">\r\n\t\t\t\t<img loading=\"lazy\" decoding=\"async\" width=\"480\" height=\"320\" src=\"https:\/\/layher.ee\/wp-content\/uploads\/2015\/05\/eventen.png\" class=\"attachment-big-thumb size-big-thumb wp-post-image\" alt=\"Stages and grandstands\" title=\"\" srcset=\"https:\/\/layher.ee\/wp-content\/uploads\/2015\/05\/eventen.png 480w, https:\/\/layher.ee\/wp-content\/uploads\/2015\/05\/eventen-300x200.png 300w, https:\/\/layher.ee\/wp-content\/uploads\/2015\/05\/eventen-390x260.png 390w, https:\/\/layher.ee\/wp-content\/uploads\/2015\/05\/eventen-270x180.png 270w\" sizes=\"auto, (max-width: 480px) 100vw, 480px\">\r\n\t\t\t<\/a><div class=\"view align-center\">\r\n\t\t\t\t\t<div class=\"vertical-align-table\">\r\n\t\t\t\t\t\t<div class=\"vertical-align-cell\"><p class=\"description\">Stages and grandstands<\/p><a class=\"more simple\" href=\"https:\/\/layher.ee\/en\/tellingud\/stages-and-grandstands\/\" title=\"READ MORE\">READ MORE<\/a><\/div>\r\n\t\t\t\t\t<\/div>\r\n\t\t\t\t<\/div><li>\r\n\t\t\t<a href=\"https:\/\/layher.ee\/en\/tellingud\/protective-systems\/\" title=\"Protective systems\">\r\n\t\t\t\t<img loading=\"lazy\" decoding=\"async\" width=\"480\" height=\"320\" src=\"https:\/\/layher.ee\/wp-content\/uploads\/2015\/05\/protecten.png\" class=\"attachment-big-thumb size-big-thumb wp-post-image\" alt=\"Protective systems\" title=\"\" srcset=\"https:\/\/layher.ee\/wp-content\/uploads\/2015\/05\/protecten.png 480w, https:\/\/layher.ee\/wp-content\/uploads\/2015\/05\/protecten-300x200.png 300w, https:\/\/layher.ee\/wp-content\/uploads\/2015\/05\/protecten-390x260.png 390w, https:\/\/layher.ee\/wp-content\/uploads\/2015\/05\/protecten-270x180.png 270w\" sizes=\"auto, (max-width: 480px) 100vw, 480px\">\r\n\t\t\t<\/a><div class=\"view align-center\">\r\n\t\t\t\t\t<div class=\"vertical-align-table\">\r\n\t\t\t\t\t\t<div class=\"vertical-align-cell\"><p class=\"description\">Protective systems<\/p><a class=\"more simple\" href=\"https:\/\/layher.ee\/en\/tellingud\/protective-systems\/\" title=\"READ MORE\">READ MORE<\/a><\/div>\r\n\t\t\t\t\t<\/div>\r\n\t\t\t\t<\/div><li>\r\n\t\t\t<a href=\"https:\/\/layher.ee\/en\/tellingud\/allround-shoring-tg60\/\" title=\"Allround Shoring TG60\">\r\n\t\t\t\t<img loading=\"lazy\" decoding=\"async\" width=\"480\" height=\"320\" src=\"https:\/\/layher.ee\/wp-content\/uploads\/2015\/05\/tg60en.png\" class=\"attachment-big-thumb size-big-thumb wp-post-image\" alt=\"Allround Shoring TG60\" title=\"\" srcset=\"https:\/\/layher.ee\/wp-content\/uploads\/2015\/05\/tg60en.png 480w, https:\/\/layher.ee\/wp-content\/uploads\/2015\/05\/tg60en-300x200.png 300w, https:\/\/layher.ee\/wp-content\/uploads\/2015\/05\/tg60en-390x260.png 390w, https:\/\/layher.ee\/wp-content\/uploads\/2015\/05\/tg60en-270x180.png 270w\" sizes=\"auto, (max-width: 480px) 100vw, 480px\">\r\n\t\t\t<\/a><div class=\"view align-center\">\r\n\t\t\t\t\t<div class=\"vertical-align-table\">\r\n\t\t\t\t\t\t<div class=\"vertical-align-cell\"><p class=\"description\">Allround Shoring TG60<\/p><a class=\"more simple\" href=\"https:\/\/layher.ee\/en\/tellingud\/allround-shoring-tg60\/\" title=\"READ MORE\">READ MORE<\/a><\/div>\r\n\t\t\t\t\t<\/div>\r\n\t\t\t\t<\/div><li>\r\n\t\t\t<a href=\"https:\/\/layher.ee\/en\/tellingud\/temporary-access-systems\/\" title=\"Temporary access systems\">\r\n\t\t\t\t<img loading=\"lazy\" decoding=\"async\" width=\"480\" height=\"320\" src=\"https:\/\/layher.ee\/wp-content\/uploads\/2015\/05\/bridgesen.png\" class=\"attachment-big-thumb size-big-thumb wp-post-image\" alt=\"Temporary access systems\" title=\"\" srcset=\"https:\/\/layher.ee\/wp-content\/uploads\/2015\/05\/bridgesen.png 480w, https:\/\/layher.ee\/wp-content\/uploads\/2015\/05\/bridgesen-300x200.png 300w, https:\/\/layher.ee\/wp-content\/uploads\/2015\/05\/bridgesen-390x260.png 390w, https:\/\/layher.ee\/wp-content\/uploads\/2015\/05\/bridgesen-270x180.png 270w\" sizes=\"auto, (max-width: 480px) 100vw, 480px\">\r\n\t\t\t<\/a><div class=\"view align-center\">\r\n\t\t\t\t\t<div class=\"vertical-align-table\">\r\n\t\t\t\t\t\t<div class=\"vertical-align-cell\"><p class=\"description\">Temporary access systems<\/p><a class=\"more simple\" href=\"https:\/\/layher.ee\/en\/tellingud\/temporary-access-systems\/\" title=\"READ MORE\">READ MORE<\/a><\/div>\r\n\t\t\t\t\t<\/div>\r\n\t\t\t\t<\/div><li>\r\n\t\t\t<a href=\"https:\/\/layher.ee\/en\/tellingud\/ladders-rolling-towers\/\" title=\"Ladders \/ Rolling Towers\">\r\n\t\t\t\t<img loading=\"lazy\" decoding=\"async\" width=\"480\" height=\"320\" src=\"https:\/\/layher.ee\/wp-content\/uploads\/2015\/05\/rollingEE-1.png\" class=\"attachment-big-thumb size-big-thumb wp-post-image\" alt=\"Ladders \/ Rolling Towers\" title=\"\" srcset=\"https:\/\/layher.ee\/wp-content\/uploads\/2015\/05\/rollingEE-1.png 480w, https:\/\/layher.ee\/wp-content\/uploads\/2015\/05\/rollingEE-1-300x200.png 300w, https:\/\/layher.ee\/wp-content\/uploads\/2015\/05\/rollingEE-1-390x260.png 390w, https:\/\/layher.ee\/wp-content\/uploads\/2015\/05\/rollingEE-1-270x180.png 270w\" sizes=\"auto, (max-width: 480px) 100vw, 480px\">\r\n\t\t\t<\/a><div class=\"view align-center\">\r\n\t\t\t\t\t<div class=\"vertical-align-table\">\r\n\t\t\t\t\t\t<div class=\"vertical-align-cell\"><p class=\"description\">Ladders \/ Rolling Towers<\/p><a class=\"more simple\" href=\"https:\/\/layher.ee\/en\/tellingud\/ladders-rolling-towers\/\" title=\"READ MORE\">READ MORE<\/a><\/div>\r\n\t\t\t\t\t<\/div>\r\n\t\t\t\t<\/div><li>\r\n\t\t\t<a href=\"https:\/\/layher.ee\/en\/tellingud\/accessories\/\" title=\"Accessories\">\r\n\t\t\t\t<img loading=\"lazy\" decoding=\"async\" width=\"480\" height=\"320\" src=\"https:\/\/layher.ee\/wp-content\/uploads\/2015\/05\/accessoriesen.png\" class=\"attachment-big-thumb size-big-thumb wp-post-image\" alt=\"Accessories\" title=\"\" srcset=\"https:\/\/layher.ee\/wp-content\/uploads\/2015\/05\/accessoriesen.png 480w, https:\/\/layher.ee\/wp-content\/uploads\/2015\/05\/accessoriesen-300x200.png 300w, https:\/\/layher.ee\/wp-content\/uploads\/2015\/05\/accessoriesen-390x260.png 390w, https:\/\/layher.ee\/wp-content\/uploads\/2015\/05\/accessoriesen-270x180.png 270w\" sizes=\"auto, (max-width: 480px) 100vw, 480px\">\r\n\t\t\t<\/a><div class=\"view align-center\">\r\n\t\t\t\t\t<div class=\"vertical-align-table\">\r\n\t\t\t\t\t\t<div class=\"vertical-align-cell\"><p class=\"description\">Accessories<\/p><a class=\"more simple\" href=\"https:\/\/layher.ee\/en\/tellingud\/accessories\/\" title=\"READ MORE\">READ MORE<\/a><\/div>\r\n\t\t\t\t\t<\/div>\r\n\t\t\t\t<\/div><\/ul>[\/vc_column][\/vc_row][vc_row type=&#8221;full-width&#8221; top_margin=&#8221;page-margin-top-section&#8221; css=&#8221;.vc_custom_1432041464248{background-color: #f5f5f5 !important;}&#8221; el_class=&#8221;page-padding-top-section padding-bottom-66&#8243;][vc_column][vc_tabs][vc_tab icon=&#8221;sl-small-building&#8221; title=&#8221;Bulding&#8221; tab_id=&#8221;we-offer&#8221;][vc_row_inner 0=&#8221;&#8221;][vc_column_inner el_id=&#8221;Building&#8221;]<h4 class=\"box-header\">Building<\/h4>[vc_column_text css_animation=&#8221;fadeInDown&#8221;]<\/p>\n<p style=\"text-align: left;\">Simplicity, speed and versatile access are key requirements across all types of housebuilding. Layher systems meet these needs and also offer a range of purpose-designed accessories to ensure all trades on site gain as much as possible from the access system.<br \/>\n\u2022 Speed of erection and minimal number of components, compared to tube and fitting scaffold, offer major benefits to project scheduling.<br \/>\n\u2022 Proven suitability for all types of residential construction \u2013 from conventional brick to timber\/block and even natural materials.<br \/>\n\u2022 Wide bay design provides optimum access for large dimensional materials when brought onto the scaffold.<br \/>\n\u2022 Minimal cross-bracing requirement maximises ease of movement around scaffold lifts.<br \/>\n\u2022 Can be readily installed with in-built access \u2013 from stairtowers to ladders \u2013 to provide safe multi-personnel movement to all construction levels.<br \/>\n\u2022 Interfaces directly with loading platforms and hoist installations to aid material movement on site<\/p>\n<p>[\/vc_column_text][\/vc_column_inner][\/vc_row_inner][\/vc_tab][vc_tab icon=&#8221;sl-small-forklift&#8221; title=&#8221;Industry&#8221; tab_id=&#8221;we-guarantee&#8221;][vc_row_inner 0=&#8221;&#8221;][vc_column_inner]<h4 class=\"box-header\">Industry<\/h4>[vc_column_text 0=&#8221;&#8221;]<\/p>\n<p style=\"text-align: left;\">Offshore\/Onshore and Petrochemical<br \/>\nThe specialised build and maintenance requirements of this sector call for a scaffolding and access system that is both highly versatile and also rigorously designed to address extremely demanding environments.<br \/>\n\u2022 Layher systems can accommodate even the most complex of structural and pipework installations.<br \/>\n\u2022 Lightweight design enhances ease of handling and installation procedures.<br \/>\n\u2022 Designed to optimise transport and storage requirements \u2013 of particular note offshore where space availability is at a premium.<br \/>\n\u2022 Minimum number of components simplifies installation and also helps to maximise safe usage.<br \/>\n\u2022 Robust construction offers excellent repeat usage capability, and helps to address challenging weather conditions \u2013 particularly offshore.<br \/>\n\u2022 Access scaffolds and protection systems, including the Protect design, are proven in a range of offshore\/onshore and petrochemical installations<\/p>\n<p>[\/vc_column_text][\/vc_column_inner][\/vc_row_inner][\/vc_tab][vc_tab icon=&#8221;sl-small-brush-2&#8243; title=&#8221;Renovation&#8221; tab_id=&#8221;we-provide&#8221;][vc_row_inner 0=&#8221;&#8221;][vc_column_inner]<h4 class=\"box-header\">Renovation<\/h4>[vc_column_text 0=&#8221;&#8221;]<\/p>\n<p style=\"text-align: left;\">Historic Building Refurbishment<br \/>\nThe particular requirements of the historic building refurbishment sector places emphasis on key design characteristics of the access scaffold. From simplicity of installation to ease of use, it is vital that the specialist trades that are often at the heart of work in this sector are able to gain access exactly as and when needed during the course of a project.<br \/>\n\u2022 System choices meet the precise needs of historic building renovation \u2013 from churches to listed buildings and national monuments.<br \/>\n\u2022 Ease of access and dust\/sound containment are key factors, particularly where protection of valuable features on site is crucial.<br \/>\n\u2022 Wide bay Layher scaffold system optimises access onto the scaffold structure and minimises the number of standards and thus tie-ins \u2013 often critical with prestigious building installations.<br \/>\n\u2022 Choice of accessories position both the workforce and materials at the exact point where needed.<br \/>\n\u2022 In-built strength reflects the loadings often associated with the storage of stonework and brickwork supplies on scaffold decks.<br \/>\n\u2022 Can be installed to meet a wide variety of uneven and sloping ground conditions.<br \/>\n\u2022 Scaffold designs link directly to Layher Protect systems, to provide both containment and secure lockable access<\/p>\n<p>[\/vc_column_text][\/vc_column_inner][\/vc_row_inner][\/vc_tab][vc_tab icon=&#8221;sl-small-stationery&#8221; title=&#8221;Infrastrukt\u016bra&#8221; tab_id=&#8221;43f24b6a-44bc-cl&#8221;][vc_row_inner 0=&#8221;&#8221;][vc_column_inner]<h4 class=\"box-header\">Infrastructure<\/h4>[vc_column_text 0=&#8221;&#8221;]<\/p>\n<p style=\"text-align: left;\">Civil Engineering\/Infrastructure<br \/>\nOften large scale, access and protection installations in a civil engineering or infrastructure environment must meet key requirements in terms of strength, safety and cost efficiency. Layher can point to a long list of successful installations where these key objectives have been fully realised.<br \/>\n\u2022 System choice ensures ease of installation matches precise operational, access and protection needs.<br \/>\n\u2022 Proven Layher systems range from scaffolding and access to formwork installations.<br \/>\n\u2022 In-built fixings and wide bay design minimise the number of required components, helping to reduce material costs and optimising transport and manpower usage.<br \/>\n\u2022 Sloping and uneven ground conditions can be accommodated where required.<br \/>\n\u2022 Installations can match exact application needs \u2013 from wide spans and suspended designs to birdcage and load bearing structures<\/p>\n<p>[\/vc_column_text][\/vc_column_inner][\/vc_row_inner][\/vc_tab][vc_tab icon=&#8221;sl-small-wrenches&#8221; title=&#8221;Maintenance&#8221; tab_id=&#8221;16149a69-25c9-cl&#8221;][vc_row_inner 0=&#8221;&#8221;][vc_column_inner]<h4 class=\"box-header\">Maintenance<\/h4>[vc_column_text 0=&#8221;&#8221;]<\/p>\n<p style=\"text-align: left;\">Plant Maintenance<br \/>\nThe wide variety of plant maintenance requirements, typical of industrial or processing facilities, calls for an access method that is easy to install, safe and highly versatile \u2013 all requirements that are met by the Layher range of systems.<br \/>\n\u2022 Ideal for use in all installations \u2013 from ad hoc, short-term access needs to major plant maintenance projects.<br \/>\n\u2022 Choice of system designs to match differing access requirements.<br \/>\n\u2022 In-built connection systems minimises risk of equipment loss thereby helping to maximise safety.<br \/>\n\u2022 Durable design, ideal for repeated installation and dismantling.<br \/>\n\u2022 System ranges comprise access scaffolds, stairs, temporary roofing, protection and containment systems, and a wide range of accessories to meet the needs of each individual maintenance project<\/p>\n<p>[\/vc_column_text][\/vc_column_inner][\/vc_row_inner][\/vc_tab][vc_tab icon=&#8221;sl-small-trophy&#8221; title=&#8221;Events staging and public access&#8221; tab_id=&#8221;46e6455e-c5f7-cl&#8221;][vc_row_inner 0=&#8221;&#8221;][vc_column_inner]<h4 class=\"box-header\">Events staging and public access<\/h4>[vc_column_text 0=&#8221;&#8221;]The vast range of applications in the event and entertainment sector call for systems and equipment that can offer the optimum combination of versatility, safety and ease of use. Layher Event Systems have been proven in a wide range of installations of this type \u2013 from concerts and sports events to exhibitions and theatre productions.<br \/>\n\u2022 Wide variety of Layher systems allows precise staging and public access requirements to be met with common, compatible fixing method.<br \/>\n\u2022 Equipment designs address the need to optimise safety for all public movement and viewing installations.<br \/>\n\u2022 Full range of Layher systems \u2013 including ramps, stairs and roof structures \u2013 can be designed into all seating and staging structures.<br \/>\n\u2022 Lightweight design with minimal number of components optimises ease of transportation, storage and handling.<br \/>\n\u2022 Longspan bridging needs can be fully accommodated with purpose-designed Layher Bridging Truss system.<br \/>\n\u2022 Excellent load bearing capability and structural strength are key features with every Layher installation.<br \/>\n\u2022 Fully accommodates wide range of sloping and uneven ground conditions.[\/vc_column_text][\/vc_column_inner][\/vc_row_inner][\/vc_tab][\/vc_tabs][\/vc_column][\/vc_row][vc_row 0=&#8221;&#8221;][vc_column 0=&#8221;&#8221;]<h2 class=\"box-header\">NEWS<\/h2><div class=\"vc_row wpb_row vc_row-fluid layout-row\"><ul class=\"blog three-columns clearfix\"><li class=\"vc_col-sm-4 wpb_column vc_column_container post post-2151 type-post status-publish format-standard has-post-thumbnail hentry category-news-en\"><a class=\"post-image\" href=\"https:\/\/layher.ee\/en\/new-office-warehouse-tallinn\/\" title=\"Our new office and warehouse in Tallinn\"><img loading=\"lazy\" decoding=\"async\" width=\"480\" height=\"320\" src=\"https:\/\/layher.ee\/wp-content\/uploads\/2017\/11\/Estonia-demo-480x320.jpg\" class=\"attachment-big-thumb size-big-thumb wp-post-image\" alt=\"Our new office and warehouse in Tallinn\" title=\"\" srcset=\"https:\/\/layher.ee\/wp-content\/uploads\/2017\/11\/Estonia-demo-480x320.jpg 480w, https:\/\/layher.ee\/wp-content\/uploads\/2017\/11\/Estonia-demo-750x500.jpg 750w, https:\/\/layher.ee\/wp-content\/uploads\/2017\/11\/Estonia-demo-570x380.jpg 570w, https:\/\/layher.ee\/wp-content\/uploads\/2017\/11\/Estonia-demo-390x260.jpg 390w, https:\/\/layher.ee\/wp-content\/uploads\/2017\/11\/Estonia-demo-270x180.jpg 270w\" sizes=\"auto, (max-width: 480px) 100vw, 480px\"><\/a><ul class=\"post-details\"><li class=\"date template-calendar\">November<h2>14<\/h2>2017<\/li><li class=\"template-eye\">5089<\/li><\/ul><h4 class=\"box-header align-left\"><a href=\"https:\/\/layher.ee\/en\/new-office-warehouse-tallinn\/\" title=\"Our new office and warehouse in Tallinn\">Our new office and warehouse in Tallinn<\/a><\/h4><p>On November 6th we have officially opened a new office and depo in V\u00e4ike-S\u00f5jam\u00e4e 5a, 11415, Tallinn. Directly from Tallinn now we can provide a fast delivery of every kind of scaffoldings: Protective roofs Keder XL, SpeedyScaf fa\u00e7ade and Allround modular scaffoldings, ladders and rolling towers. For a fast customers support and inquires in Estonia,<\/p>\n<div class=\"vc_row wpb_row vc_row-fluid padding-top-54 padding-bottom-17\"><a title=\"READ MORE\" href=\"https:\/\/layher.ee\/en\/new-office-warehouse-tallinn\/\" class=\"more\">READ MORE<\/a><\/div><\/li><li class=\"vc_col-sm-4 wpb_column vc_column_container post post-1818 type-post status-publish format-standard has-post-thumbnail hentry category-news-en\"><a class=\"post-image\" href=\"https:\/\/layher.ee\/en\/a-unique-project-in-riga-city-center\/\" title=\"A unique project in Riga city center\"><img loading=\"lazy\" decoding=\"async\" width=\"480\" height=\"320\" src=\"https:\/\/layher.ee\/wp-content\/uploads\/2017\/09\/layher_news4-480x320.png\" class=\"attachment-big-thumb size-big-thumb wp-post-image\" alt=\"A unique project in Riga city center\" title=\"\" srcset=\"https:\/\/layher.ee\/wp-content\/uploads\/2017\/09\/layher_news4-480x320.png 480w, https:\/\/layher.ee\/wp-content\/uploads\/2017\/09\/layher_news4-300x200.png 300w, https:\/\/layher.ee\/wp-content\/uploads\/2017\/09\/layher_news4-570x380.png 570w, https:\/\/layher.ee\/wp-content\/uploads\/2017\/09\/layher_news4-390x260.png 390w, https:\/\/layher.ee\/wp-content\/uploads\/2017\/09\/layher_news4-270x180.png 270w, https:\/\/layher.ee\/wp-content\/uploads\/2017\/09\/layher_news4.png 665w\" sizes=\"auto, (max-width: 480px) 100vw, 480px\"><\/a><ul class=\"post-details\"><li class=\"date template-calendar\">June<h2>8<\/h2>2015<\/li><li class=\"template-eye\">4914<\/li><\/ul><h4 class=\"box-header align-left\"><a href=\"https:\/\/layher.ee\/en\/a-unique-project-in-riga-city-center\/\" title=\"A unique project in Riga city center\">A unique project in Riga city center<\/a><\/h4><p>Recent months Riga city residents and tourists can\u2019t visit museum of Riga Castle due to renovation works after destructive fire. We are pleased that after several unsuccessful attempts to use heat shrinkable film as a roof, company responsible for restoration works made the decision to set LAYHER KEDER XL roof. UAB \u201c\u201dLayher Baltic\u201d company carried<\/p>\n<div class=\"vc_row wpb_row vc_row-fluid padding-top-54 padding-bottom-17\"><a title=\"READ MORE\" href=\"https:\/\/layher.ee\/en\/a-unique-project-in-riga-city-center\/\" class=\"more\">READ MORE<\/a><\/div><\/li><li class=\"vc_col-sm-4 wpb_column vc_column_container post post-1816 type-post status-publish format-standard has-post-thumbnail hentry category-news-en\"><a class=\"post-image\" href=\"https:\/\/layher.ee\/en\/want-to-rent-scaffoldings\/\" title=\"Want to rent scaffoldings?\"><img loading=\"lazy\" decoding=\"async\" width=\"480\" height=\"320\" src=\"https:\/\/layher.ee\/wp-content\/uploads\/2017\/09\/layher_news1-480x320.png\" class=\"attachment-big-thumb size-big-thumb wp-post-image\" alt=\"Want to rent scaffoldings?\" title=\"\" srcset=\"https:\/\/layher.ee\/wp-content\/uploads\/2017\/09\/layher_news1-480x320.png 480w, https:\/\/layher.ee\/wp-content\/uploads\/2017\/09\/layher_news1-570x380.png 570w, https:\/\/layher.ee\/wp-content\/uploads\/2017\/09\/layher_news1-390x260.png 390w, https:\/\/layher.ee\/wp-content\/uploads\/2017\/09\/layher_news1-270x180.png 270w\" sizes=\"auto, (max-width: 480px) 100vw, 480px\"><\/a><ul class=\"post-details\"><li class=\"date template-calendar\">February<h2>2<\/h2>2015<\/li><li class=\"template-eye\">4911<\/li><\/ul><h4 class=\"box-header align-left\"><a href=\"https:\/\/layher.ee\/en\/want-to-rent-scaffoldings\/\" title=\"Want to rent scaffoldings?\">Want to rent scaffoldings?<\/a><\/h4><p>Visit a new\u00a0www.kurnuomotispastolius.lt website where you can find information on the nearest rent firm offering the scaffoldings of Layher brand in a convenient interactive form. All these companies rents Layher scaffoldings, advises on concerning project preparation, provides delivery and can provide scaffoldings assembly.<\/p>\n<div class=\"vc_row wpb_row vc_row-fluid padding-top-54 padding-bottom-17\"><a title=\"READ MORE\" href=\"https:\/\/layher.ee\/en\/want-to-rent-scaffoldings\/\" class=\"more\">READ MORE<\/a><\/div><\/li><\/ul><\/div>[\/vc_column][\/vc_row]<\/p>\n<\/div>","protected":false},"excerpt":{"rendered":"<p>[vc_row type=&#8221;full-width&#8221;][vc_column][rev_slider_vc alias=&#8221;alroundee&#8221;][\/vc_column][\/vc_row][vc_row top_margin=&#8221;page-margin-top-section&#8221;][vc_column][\/vc_column][\/vc_row][vc_row type=&#8221;full-width&#8221;][vc_column][\/vc_column][\/vc_row][vc_row type=&#8221;full-width&#8221; top_margin=&#8221;page-margin-top-section&#8221; css=&#8221;.vc_custom_1432041464248{background-color: #f5f5f5 !important;}&#8221; el_class=&#8221;page-padding-top-section padding-bottom-66&#8243;][vc_column][vc_tabs][vc_tab icon=&#8221;sl-small-building&#8221; title=&#8221;Bulding&#8221; tab_id=&#8221;we-offer&#8221;][vc_row_inner 0=&#8221;&#8221;][vc_column_inner el_id=&#8221;Building&#8221;][vc_column_text css_animation=&#8221;fadeInDown&#8221;] Simplicity, speed and versatile access are key requirements across all types of housebuilding. Layher systems meet these needs and also offer a range of purpose-designed accessories to ensure all trades on site gain as much as possible<\/p>\n","protected":false},"author":1,"featured_media":0,"parent":0,"menu_order":0,"comment_status":"open","ping_status":"open","template":"template-default-without-breadcrumbs.php","meta":{"footnotes":""},"class_list":["post-1061","page","type-page","status-publish","hentry"],"_links":{"self":[{"href":"https:\/\/layher.ee\/en\/wp-json\/wp\/v2\/pages\/1061","targetHints":{"allow":["GET"]}}],"collection":[{"href":"https:\/\/layher.ee\/en\/wp-json\/wp\/v2\/pages"}],"about":[{"href":"https:\/\/layher.ee\/en\/wp-json\/wp\/v2\/types\/page"}],"author":[{"embeddable":true,"href":"https:\/\/layher.ee\/en\/wp-json\/wp\/v2\/users\/1"}],"replies":[{"embeddable":true,"href":"https:\/\/layher.ee\/en\/wp-json\/wp\/v2\/comments?post=1061"}],"version-history":[{"count":26,"href":"https:\/\/layher.ee\/en\/wp-json\/wp\/v2\/pages\/1061\/revisions"}],"predecessor-version":[{"id":2478,"href":"https:\/\/layher.ee\/en\/wp-json\/wp\/v2\/pages\/1061\/revisions\/2478"}],"wp:attachment":[{"href":"https:\/\/layher.ee\/en\/wp-json\/wp\/v2\/media?parent=1061"}],"curies":[{"name":"wp","href":"https:\/\/api.w.org\/{rel}","templated":true}]}}